{"id":2849,"date":"2023-12-22T09:22:56","date_gmt":"2023-12-22T14:22:56","guid":{"rendered":"https:\/\/disijeans.com.co\/producto\/jean-mom-fit-con-rotos-y-parche-interno\/"},"modified":"2025-09-05T15:09:26","modified_gmt":"2025-09-05T20:09:26","slug":"jean-momfit-con-rotos-y-parche-interno","status":"publish","type":"product","link":"https:\/\/disijeans.com.co\/?product=jean-momfit-con-rotos-y-parche-interno","title":{"rendered":"Jean Mom fit"},"content":{"rendered":"<p>Jean mom fit de pierna ajustada con dise\u00f1o \u00fanico de rotos en la parte delantera y parches internos para un estilo moderno y audaz. Sin elasticidad, con cierre de cremallera y bot\u00f3n para un ajuste cl\u00e1sico. Confeccionado en 100% algod\u00f3n, ideal para looks casuales.<\/p>\n","protected":false},"excerpt":{"rendered":"<p>Jean pierna ajustada con rotos y parches, sin elasticidad. 100% algod\u00f3n para un estilo aut\u00e9ntico y moderno.<\/p>\n","protected":false},"featured_media":638,"comment_status":"closed","ping_status":"closed","template":"","meta":[],"product_brand":[],"product_cat":[47,62,27,80,21,114],"product_tag":[],"class_list":{"0":"post-2849","1":"product","2":"type-product","3":"status-publish","4":"has-post-thumbnail","6":"product_cat-bota-recta","7":"product_cat-corto","8":"product_cat-jeans-y-pantalones","9":"product_cat-mom-fit","10":"product_cat-mujer","11":"product_cat-roto","13":"first","14":"instock","15":"sale","16":"purchasable","17":"product-type-variable"},"_links":{"self":[{"href":"https:\/\/disijeans.com.co\/index.php?rest_route=\/wp\/v2\/product\/2849","targetHints":{"allow":["GET"]}}],"collection":[{"href":"https:\/\/disijeans.com.co\/index.php?rest_route=\/wp\/v2\/product"}],"about":[{"href":"https:\/\/disijeans.com.co\/index.php?rest_route=\/wp\/v2\/types\/product"}],"replies":[{"embeddable":true,"href":"https:\/\/disijeans.com.co\/index.php?rest_route=%2Fwp%2Fv2%2Fcomments&post=2849"}],"wp:featuredmedia":[{"embeddable":true,"href":"https:\/\/disijeans.com.co\/index.php?rest_route=\/wp\/v2\/media\/638"}],"wp:attachment":[{"href":"https:\/\/disijeans.com.co\/index.php?rest_route=%2Fwp%2Fv2%2Fmedia&parent=2849"}],"wp:term":[{"taxonomy":"product_brand","embeddable":true,"href":"https:\/\/disijeans.com.co\/index.php?rest_route=%2Fwp%2Fv2%2Fproduct_brand&post=2849"},{"taxonomy":"product_cat","embeddable":true,"href":"https:\/\/disijeans.com.co\/index.php?rest_route=%2Fwp%2Fv2%2Fproduct_cat&post=2849"},{"taxonomy":"product_tag","embeddable":true,"href":"https:\/\/disijeans.com.co\/index.php?rest_route=%2Fwp%2Fv2%2Fproduct_tag&post=2849"}],"curies":[{"name":"wp","href":"https:\/\/api.w.org\/{rel}","templated":true}]}}