{"id":2852,"date":"2023-12-22T09:22:56","date_gmt":"2023-12-22T14:22:56","guid":{"rendered":"https:\/\/disijeans.com.co\/producto\/jean-mom-fit-con-elastico-en-cintura\/"},"modified":"2025-09-05T15:07:15","modified_gmt":"2025-09-05T20:07:15","slug":"jean-mom-fit-con-elastico-en-cintura","status":"publish","type":"product","link":"https:\/\/disijeans.com.co\/?product=jean-mom-fit-con-elastico-en-cintura","title":{"rendered":"Jean Mom Fit"},"content":{"rendered":"<p>Jean mom fit con el\u00e1stico en la cintura para un ajuste c\u00f3modo. Dise\u00f1ado sin elasticidad, ofrece una silueta semi ajustada que realza la figura y un largo tobillero que a\u00f1ade un toque moderno. Incluye bot\u00f3n y cremallera para mayor practicidad. Confeccionado en 100% algod\u00f3n, perfecto para un estilo casual y vers\u00e1til.<\/p>\n","protected":false},"excerpt":{"rendered":"<p>Jean mom fit, cintura con el\u00e1stico, silueta semi ajustada y largo tobillero. 100% algod\u00f3n para comodidad y estilo.<\/p>\n","protected":false},"featured_media":5445,"comment_status":"closed","ping_status":"closed","template":"","meta":[],"product_brand":[],"product_cat":[62,27,80,21,37,38],"product_tag":[],"class_list":{"0":"post-2852","1":"product","2":"type-product","3":"status-publish","4":"has-post-thumbnail","6":"product_cat-corto","7":"product_cat-jeans-y-pantalones","8":"product_cat-mom-fit","9":"product_cat-mujer","10":"product_cat-skinny","11":"product_cat-slim","13":"first","14":"instock","15":"sale","16":"purchasable","17":"product-type-variable"},"_links":{"self":[{"href":"https:\/\/disijeans.com.co\/index.php?rest_route=\/wp\/v2\/product\/2852","targetHints":{"allow":["GET"]}}],"collection":[{"href":"https:\/\/disijeans.com.co\/index.php?rest_route=\/wp\/v2\/product"}],"about":[{"href":"https:\/\/disijeans.com.co\/index.php?rest_route=\/wp\/v2\/types\/product"}],"replies":[{"embeddable":true,"href":"https:\/\/disijeans.com.co\/index.php?rest_route=%2Fwp%2Fv2%2Fcomments&post=2852"}],"wp:featuredmedia":[{"embeddable":true,"href":"https:\/\/disijeans.com.co\/index.php?rest_route=\/wp\/v2\/media\/5445"}],"wp:attachment":[{"href":"https:\/\/disijeans.com.co\/index.php?rest_route=%2Fwp%2Fv2%2Fmedia&parent=2852"}],"wp:term":[{"taxonomy":"product_brand","embeddable":true,"href":"https:\/\/disijeans.com.co\/index.php?rest_route=%2Fwp%2Fv2%2Fproduct_brand&post=2852"},{"taxonomy":"product_cat","embeddable":true,"href":"https:\/\/disijeans.com.co\/index.php?rest_route=%2Fwp%2Fv2%2Fproduct_cat&post=2852"},{"taxonomy":"product_tag","embeddable":true,"href":"https:\/\/disijeans.com.co\/index.php?rest_route=%2Fwp%2Fv2%2Fproduct_tag&post=2852"}],"curies":[{"name":"wp","href":"https:\/\/api.w.org\/{rel}","templated":true}]}}