{"id":2964,"date":"2023-12-22T09:23:24","date_gmt":"2023-12-22T14:23:24","guid":{"rendered":"https:\/\/disijeans.com.co\/producto\/mom-jean-veteado-bootcut\/"},"modified":"2025-09-05T15:55:05","modified_gmt":"2025-09-05T20:55:05","slug":"mom-jean-veteado-bootcut","status":"publish","type":"product","link":"https:\/\/disijeans.com.co\/?product=mom-jean-veteado-bootcut","title":{"rendered":"Jean mom fit"},"content":{"rendered":"<p>Mom Jean veteado bootcut de tiro alto, dise\u00f1ado sin elasticidad para un ajuste cl\u00e1sico. Con silueta semi ajustada al tobillo y bota con flequillo que aporta un estilo \u00fanico y moderno. Cuenta con cinco bolsillos, bot\u00f3n y cremallera para mayor comodidad. Confeccionado en 100% algod\u00f3n y denim liviano, perfecto para un look casual y elegante.<\/p>\n","protected":false},"excerpt":{"rendered":"<p>Mom Jean veteado bootcut, tiro alto, silueta semi ajustada y bota con flequillo. 100% algod\u00f3n para un estilo c\u00f3modo y moderno.<\/p>\n","protected":false},"featured_media":643,"comment_status":"closed","ping_status":"closed","template":"","meta":[],"product_brand":[],"product_cat":[62,27,80,21,22,37,38],"product_tag":[],"class_list":{"0":"post-2964","1":"product","2":"type-product","3":"status-publish","4":"has-post-thumbnail","6":"product_cat-corto","7":"product_cat-jeans-y-pantalones","8":"product_cat-mom-fit","9":"product_cat-mujer","10":"product_cat-sales","11":"product_cat-skinny","12":"product_cat-slim","14":"first","15":"instock","16":"sale","17":"purchasable","18":"product-type-variable"},"jetpack_sharing_enabled":true,"_links":{"self":[{"href":"https:\/\/disijeans.com.co\/index.php?rest_route=\/wp\/v2\/product\/2964","targetHints":{"allow":["GET"]}}],"collection":[{"href":"https:\/\/disijeans.com.co\/index.php?rest_route=\/wp\/v2\/product"}],"about":[{"href":"https:\/\/disijeans.com.co\/index.php?rest_route=\/wp\/v2\/types\/product"}],"replies":[{"embeddable":true,"href":"https:\/\/disijeans.com.co\/index.php?rest_route=%2Fwp%2Fv2%2Fcomments&post=2964"}],"wp:featuredmedia":[{"embeddable":true,"href":"https:\/\/disijeans.com.co\/index.php?rest_route=\/wp\/v2\/media\/643"}],"wp:attachment":[{"href":"https:\/\/disijeans.com.co\/index.php?rest_route=%2Fwp%2Fv2%2Fmedia&parent=2964"}],"wp:term":[{"taxonomy":"product_brand","embeddable":true,"href":"https:\/\/disijeans.com.co\/index.php?rest_route=%2Fwp%2Fv2%2Fproduct_brand&post=2964"},{"taxonomy":"product_cat","embeddable":true,"href":"https:\/\/disijeans.com.co\/index.php?rest_route=%2Fwp%2Fv2%2Fproduct_cat&post=2964"},{"taxonomy":"product_tag","embeddable":true,"href":"https:\/\/disijeans.com.co\/index.php?rest_route=%2Fwp%2Fv2%2Fproduct_tag&post=2964"}],"curies":[{"name":"wp","href":"https:\/\/api.w.org\/{rel}","templated":true}]}}