{"id":2966,"date":"2023-12-22T09:23:24","date_gmt":"2023-12-22T14:23:24","guid":{"rendered":"https:\/\/disijeans.com.co\/producto\/pantalon-levanta-cola-elastic\/"},"modified":"2025-09-05T15:51:53","modified_gmt":"2025-09-05T20:51:53","slug":"pantalon-levanta-cola-elastic","status":"publish","type":"product","link":"https:\/\/disijeans.com.co\/?product=pantalon-levanta-cola-elastic","title":{"rendered":"Pantalon Pretina anat\u00f3mica"},"content":{"rendered":"<p>Pantalon tiro medio de altisima elasticidad, silueta ajustada, levanta cola, pretina ancha,\u00a0 dos botones y cremallera. Composicion 97% algodon y 3% elastomero<\/p>\n","protected":false},"excerpt":{"rendered":"<div class=\"flex max-w-full flex-col flex-grow\">\n<div class=\"min-h-8 text-message flex w-full flex-col items-end gap-2 whitespace-normal break-words [.text-message+&amp;]:mt-5\" dir=\"auto\" data-message-author-role=\"assistant\" data-message-id=\"f801717e-8681-4a1b-9631-faa3a57c6b55\" data-message-model-slug=\"gpt-4o-mini\">\n<div class=\"flex w-full flex-col gap-1 empty:hidden first:pt-[3px]\">\n<div class=\"markdown prose w-full break-words dark:prose-invert dark\">\n<p>Pantal\u00f3n tiro medio, silueta ajustada, levanta cola, pretina ancha y bota con fleco. 97% algod\u00f3n y 3% elast\u00f3mero para un fit perfecto.<\/p>\n<\/div>\n<\/div>\n<\/div>\n<\/div>\n","protected":false},"featured_media":718,"comment_status":"closed","ping_status":"closed","template":"","meta":[],"product_brand":[],"product_cat":[27,112,21,83,22,37,38],"product_tag":[],"class_list":{"0":"post-2966","1":"product","2":"type-product","3":"status-publish","4":"has-post-thumbnail","6":"product_cat-jeans-y-pantalones","7":"product_cat-levanta-cola-skinny","8":"product_cat-mujer","9":"product_cat-pretina-ancha","10":"product_cat-sales","11":"product_cat-skinny","12":"product_cat-slim","14":"first","15":"instock","16":"sale","17":"purchasable","18":"product-type-variable"},"jetpack_sharing_enabled":true,"_links":{"self":[{"href":"https:\/\/disijeans.com.co\/index.php?rest_route=\/wp\/v2\/product\/2966","targetHints":{"allow":["GET"]}}],"collection":[{"href":"https:\/\/disijeans.com.co\/index.php?rest_route=\/wp\/v2\/product"}],"about":[{"href":"https:\/\/disijeans.com.co\/index.php?rest_route=\/wp\/v2\/types\/product"}],"replies":[{"embeddable":true,"href":"https:\/\/disijeans.com.co\/index.php?rest_route=%2Fwp%2Fv2%2Fcomments&post=2966"}],"wp:featuredmedia":[{"embeddable":true,"href":"https:\/\/disijeans.com.co\/index.php?rest_route=\/wp\/v2\/media\/718"}],"wp:attachment":[{"href":"https:\/\/disijeans.com.co\/index.php?rest_route=%2Fwp%2Fv2%2Fmedia&parent=2966"}],"wp:term":[{"taxonomy":"product_brand","embeddable":true,"href":"https:\/\/disijeans.com.co\/index.php?rest_route=%2Fwp%2Fv2%2Fproduct_brand&post=2966"},{"taxonomy":"product_cat","embeddable":true,"href":"https:\/\/disijeans.com.co\/index.php?rest_route=%2Fwp%2Fv2%2Fproduct_cat&post=2966"},{"taxonomy":"product_tag","embeddable":true,"href":"https:\/\/disijeans.com.co\/index.php?rest_route=%2Fwp%2Fv2%2Fproduct_tag&post=2966"}],"curies":[{"name":"wp","href":"https:\/\/api.w.org\/{rel}","templated":true}]}}