{"id":3088,"date":"2023-12-22T09:24:03","date_gmt":"2023-12-22T14:24:03","guid":{"rendered":"https:\/\/disijeans.com.co\/producto\/pantalon-efecto-piel\/"},"modified":"2025-09-24T16:16:44","modified_gmt":"2025-09-24T21:16:44","slug":"pantalon-bota-campana-efecto-cuero","status":"publish","type":"product","link":"https:\/\/disijeans.com.co\/?product=pantalon-bota-campana-efecto-cuero","title":{"rendered":"Pantal\u00f3n Bota Campana"},"content":{"rendered":"<p>Pantal\u00f3n bota campana de tiro alto con efecto cuero y elasticidad para un ajuste perfecto. Su silueta ajustada hasta la rodilla se ensancha hacia el tobillo, creando un estilo sofisticado. Incluye cinco bolsillos, bot\u00f3n y cremallera. Confeccionado en 98% algod\u00f3n y 2% elast\u00f3mero, combina comodidad y tendencia.<\/p>\n","protected":false},"excerpt":{"rendered":"<p>Este pantal\u00f3n bota camapana efecto cuero en color negro no solo realza tus curvas, tambi\u00e9n te ofrece comodidad sin generar calor. \u00a1Un must-have para un look impactante!<\/p>\n","protected":false},"featured_media":4579,"comment_status":"closed","ping_status":"closed","template":"","meta":[],"product_brand":[],"product_cat":[82,27,21,22,37,38],"product_tag":[],"class_list":{"0":"post-3088","1":"product","2":"type-product","3":"status-publish","4":"has-post-thumbnail","6":"product_cat-bota-campana","7":"product_cat-jeans-y-pantalones","8":"product_cat-mujer","9":"product_cat-sales","10":"product_cat-skinny","11":"product_cat-slim","13":"first","14":"instock","15":"sale","16":"purchasable","17":"product-type-variable"},"jetpack_sharing_enabled":true,"_links":{"self":[{"href":"https:\/\/disijeans.com.co\/index.php?rest_route=\/wp\/v2\/product\/3088","targetHints":{"allow":["GET"]}}],"collection":[{"href":"https:\/\/disijeans.com.co\/index.php?rest_route=\/wp\/v2\/product"}],"about":[{"href":"https:\/\/disijeans.com.co\/index.php?rest_route=\/wp\/v2\/types\/product"}],"replies":[{"embeddable":true,"href":"https:\/\/disijeans.com.co\/index.php?rest_route=%2Fwp%2Fv2%2Fcomments&post=3088"}],"wp:featuredmedia":[{"embeddable":true,"href":"https:\/\/disijeans.com.co\/index.php?rest_route=\/wp\/v2\/media\/4579"}],"wp:attachment":[{"href":"https:\/\/disijeans.com.co\/index.php?rest_route=%2Fwp%2Fv2%2Fmedia&parent=3088"}],"wp:term":[{"taxonomy":"product_brand","embeddable":true,"href":"https:\/\/disijeans.com.co\/index.php?rest_route=%2Fwp%2Fv2%2Fproduct_brand&post=3088"},{"taxonomy":"product_cat","embeddable":true,"href":"https:\/\/disijeans.com.co\/index.php?rest_route=%2Fwp%2Fv2%2Fproduct_cat&post=3088"},{"taxonomy":"product_tag","embeddable":true,"href":"https:\/\/disijeans.com.co\/index.php?rest_route=%2Fwp%2Fv2%2Fproduct_tag&post=3088"}],"curies":[{"name":"wp","href":"https:\/\/api.w.org\/{rel}","templated":true}]}}