{"id":3767,"date":"2024-06-20T16:17:45","date_gmt":"2024-06-20T21:17:45","guid":{"rendered":"https:\/\/disijeans.com.co\/?post_type=product&#038;p=3767"},"modified":"2025-09-05T16:25:52","modified_gmt":"2025-09-05T21:25:52","slug":"jean-clasico-skinny","status":"publish","type":"product","link":"https:\/\/disijeans.com.co\/?product=jean-clasico-skinny","title":{"rendered":"Jean Skinny Cl\u00e1sico"},"content":{"rendered":"<div class=\"flex-1 overflow-hidden\">\n<div class=\"react-scroll-to-bottom--css-fwcds-79elbk h-full\">\n<div class=\"react-scroll-to-bottom--css-fwcds-1n7m0yu\">\n<div class=\"flex flex-col text-sm pb-9\">\n<div class=\"w-full text-token-text-primary\" dir=\"auto\" data-testid=\"conversation-turn-7\">\n<div class=\"px-4 py-2 justify-center text-base md:gap-6 m-auto\">\n<div class=\"flex flex-1 text-base mx-auto gap-3 juice:gap-4 juice:md:gap-6 md:px-5 lg:px-1 xl:px-5 md:max-w-3xl lg:max-w-[40rem] xl:max-w-[48rem]\">\n<div class=\"relative flex w-full min-w-0 flex-col agent-turn\">\n<div class=\"flex-col gap-1 md:gap-3\">\n<div class=\"flex flex-grow flex-col max-w-full\">\n<div class=\"min-h-[20px] text-message flex flex-col items-start gap-3 whitespace-pre-wrap break-words [.text-message+&amp;]:mt-5 overflow-x-auto\" dir=\"auto\" data-message-author-role=\"assistant\" data-message-id=\"d2c6814f-9503-4b81-ab0d-bbc482c1d88b\">\n<div class=\"markdown prose w-full break-words dark:prose-invert dark\">\n<p><strong>Caracter\u00edsticas Principales<\/strong>:<\/p>\n<ul>\n<li><strong>Tejido de Alta Tecnolog\u00eda<\/strong>: Combina resistencia y flexibilidad para un ajuste c\u00f3modo y duradero.<\/li>\n<li><strong>Algod\u00f3n 100% de Primera Calidad<\/strong>: Material suave que garantiza una sensaci\u00f3n de confort y durabilidad incomparables.<\/li>\n<li><strong>Dise\u00f1o Slim<\/strong>: Ajuste preciso y favorecedor que realza tu figura.<\/li>\n<li><strong>Elasticidad Controlada<\/strong>: Proporciona la cantidad justa de elasticidad para mantener la forma y ofrecer comodidad durante todo el d\u00eda.<\/li>\n<li><strong>Estilo Tobillero<\/strong>: Perfecto para lucir con cualquier tipo de calzado, desde zapatillas hasta tacones.<\/li>\n<\/ul>\n<p><strong>Especificaciones T\u00e9cnicas<\/strong>:<\/p>\n<ul>\n<li><strong>Material<\/strong>: 100% algod\u00f3n de primera calidad.<\/li>\n<li><strong>Detalles<\/strong>: Elasticidad controlada.<\/li>\n<li><strong>Silueta<\/strong>: Slim.<\/li>\n<li><strong>Largo<\/strong>: Tobillero.<\/li>\n<\/ul>\n<\/div>\n<\/div>\n<\/div>\n<\/div>\n<\/div>\n<\/div>\n<\/div>\n<\/div>\n<\/div>\n<\/div>\n<\/div>\n<\/div>\n<div class=\"w-full pt-2 md:pt-0 dark:border-white\/20 md:border-transparent md:dark:border-transparent md:w-[calc(100%-.5rem)]\">\n<form class=\"stretch mx-2 flex flex-row gap-3 last:mb-2 md:mx-4 md:last:mb-6 lg:mx-auto lg:max-w-2xl xl:max-w-3xl\">\n<div class=\"relative flex h-full max-w-full flex-1 flex-col\">\n<div class=\"flex w-full items-center\"><\/div>\n<\/div>\n<\/form>\n<\/div>\n","protected":false},"excerpt":{"rendered":"<div class=\"flex flex-grow flex-col max-w-full\">\n<div class=\"min-h-[20px] text-message flex flex-col items-start gap-3 whitespace-pre-wrap break-words [.text-message+&amp;]:mt-5 overflow-x-auto\" dir=\"auto\" data-message-author-role=\"assistant\" data-message-id=\"d2c6814f-9503-4b81-ab0d-bbc482c1d88b\">\n<div class=\"markdown prose w-full break-words dark:prose-invert dark\">\n<div class=\"flex-1 overflow-hidden\">\n<div class=\"react-scroll-to-bottom--css-fwcds-79elbk h-full\">\n<div class=\"react-scroll-to-bottom--css-fwcds-1n7m0yu\">\n<div>\n<div class=\"flex flex-col text-sm\">\n<div class=\"w-full text-token-text-primary\" dir=\"auto\" data-testid=\"conversation-turn-11\">\n<div class=\"px-4 py-2 justify-center text-base md:gap-6 m-auto\">\n<div class=\"flex flex-1 text-base mx-auto gap-3 juice:gap-4 juice:md:gap-6 md:px-5 lg:px-1 xl:px-5 md:max-w-3xl lg:max-w-[40rem] xl:max-w-[48rem]\">\n<div class=\"relative flex w-full min-w-0 flex-col agent-turn\">\n<div class=\"flex-col gap-1 md:gap-3\">\n<div class=\"flex flex-grow flex-col max-w-full\">\n<div class=\"min-h-[20px] text-message flex flex-col items-start gap-3 whitespace-pre-wrap break-words [.text-message+&amp;]:mt-5 overflow-x-auto\" dir=\"auto\" data-message-author-role=\"assistant\" data-message-id=\"4cb5323c-a5ae-4522-b0f2-3058f3a8dca5\">\n<div class=\"markdown prose w-full break-words dark:prose-invert dark\">\n<p>Fabricados en Colombia, reconocido por su de alta calidad en moda, nuestros jeans destacan por su durabilidad y estilo impecable. Cada detalle ha sido meticulosamente elaborado para ofrecerte una experiencia de uso incomparable.<\/p>\n<p>Domina cualquier situaci\u00f3n con estos jeans vers\u00e1tiles que combinan a la perfecci\u00f3n con tu estilo personal. Desde la oficina hasta la noche en la ciudad, los Jeans Tobilleros Slim Confort te mantendr\u00e1n c\u00f3moda y elegante en todo momento. Experimenta la aut\u00e9ntica comodidad colombiana con nuestros jeans de primera calidad.<\/p>\n<\/div>\n<\/div>\n<\/div>\n<\/div>\n<\/div>\n<\/div>\n<\/div>\n<\/div>\n<\/div>\n<\/div>\n<\/div>\n<\/div>\n<\/div>\n<\/div>\n<\/div>\n<\/div>\n<div class=\"mt-1 flex gap-3 empty:hidden\">\n<div class=\"text-gray-400 flex self-end lg:self-center items-center justify-center lg:justify-start mt-0 -ml-1 h-7 gap-[2px] visible\"><\/div>\n<\/div>\n","protected":false},"featured_media":3695,"comment_status":"closed","ping_status":"closed","template":"","meta":[],"product_brand":[],"product_cat":[37,27,21,38],"product_tag":[],"class_list":{"0":"post-3767","1":"product","2":"type-product","3":"status-publish","4":"has-post-thumbnail","6":"product_cat-skinny","7":"product_cat-jeans-y-pantalones","8":"product_cat-mujer","9":"product_cat-slim","11":"first","12":"outofstock","13":"shipping-taxable","14":"purchasable","15":"product-type-variable"},"jetpack_sharing_enabled":true,"_links":{"self":[{"href":"https:\/\/disijeans.com.co\/index.php?rest_route=\/wp\/v2\/product\/3767","targetHints":{"allow":["GET"]}}],"collection":[{"href":"https:\/\/disijeans.com.co\/index.php?rest_route=\/wp\/v2\/product"}],"about":[{"href":"https:\/\/disijeans.com.co\/index.php?rest_route=\/wp\/v2\/types\/product"}],"replies":[{"embeddable":true,"href":"https:\/\/disijeans.com.co\/index.php?rest_route=%2Fwp%2Fv2%2Fcomments&post=3767"}],"wp:featuredmedia":[{"embeddable":true,"href":"https:\/\/disijeans.com.co\/index.php?rest_route=\/wp\/v2\/media\/3695"}],"wp:attachment":[{"href":"https:\/\/disijeans.com.co\/index.php?rest_route=%2Fwp%2Fv2%2Fmedia&parent=3767"}],"wp:term":[{"taxonomy":"product_brand","embeddable":true,"href":"https:\/\/disijeans.com.co\/index.php?rest_route=%2Fwp%2Fv2%2Fproduct_brand&post=3767"},{"taxonomy":"product_cat","embeddable":true,"href":"https:\/\/disijeans.com.co\/index.php?rest_route=%2Fwp%2Fv2%2Fproduct_cat&post=3767"},{"taxonomy":"product_tag","embeddable":true,"href":"https:\/\/disijeans.com.co\/index.php?rest_route=%2Fwp%2Fv2%2Fproduct_tag&post=3767"}],"curies":[{"name":"wp","href":"https:\/\/api.w.org\/{rel}","templated":true}]}}