{"id":4109,"date":"2024-07-19T13:33:14","date_gmt":"2024-07-19T18:33:14","guid":{"rendered":"https:\/\/disijeans.com.co\/?post_type=product&#038;p=4109"},"modified":"2025-09-06T10:37:31","modified_gmt":"2025-09-06T15:37:31","slug":"skinny-super-elastico-con-destroyer","status":"publish","type":"product","link":"https:\/\/disijeans.com.co\/?product=skinny-super-elastico-con-destroyer","title":{"rendered":"Jean Skinny"},"content":{"rendered":"<div class=\"flex max-w-full flex-col flex-grow\">\n<div class=\"min-h-8 text-message flex w-full flex-col items-end gap-2 whitespace-normal break-words [.text-message+&amp;]:mt-5\" dir=\"auto\" data-message-author-role=\"assistant\" data-message-id=\"a9dcea37-3358-4f0e-8c9a-ee2360bc146d\" data-message-model-slug=\"gpt-4o\">\n<div class=\"flex w-full flex-col gap-1 empty:hidden first:pt-[3px]\">\n<div class=\"markdown prose w-full break-words dark:prose-invert dark\">\n<p>Jean skinny s\u00faper el\u00e1stico con detalle destroyer en la rodilla. Dise\u00f1o de tiro s\u00faper alto, levanta cola para un ajuste perfecto en los gl\u00fateos. Fabricado en tela s\u00faper el\u00e1stica que se adapta al cuerpo, proporcionando comodidad y flexibilidad. Disponible en color azul medio.<\/p>\n<\/div>\n<\/div>\n<\/div>\n<\/div>\n","protected":false},"excerpt":{"rendered":"<p>Descubre el estilo y la comodidad con nuestro Jean Skinny S\u00faper El\u00e1stico de tiro s\u00faper alto y tecnolog\u00eda levanta cola, con un toque de destroyer en la rodilla. Disponible en color azul medio.<\/p>\n","protected":false},"featured_media":5044,"comment_status":"closed","ping_status":"closed","template":"","meta":[],"product_brand":[],"product_cat":[27,112,21,22,37],"product_tag":[],"class_list":{"0":"post-4109","1":"product","2":"type-product","3":"status-publish","4":"has-post-thumbnail","6":"product_cat-jeans-y-pantalones","7":"product_cat-levanta-cola-skinny","8":"product_cat-mujer","9":"product_cat-sales","10":"product_cat-skinny","12":"first","13":"instock","14":"sale","15":"shipping-taxable","16":"purchasable","17":"product-type-variable"},"jetpack_sharing_enabled":true,"_links":{"self":[{"href":"https:\/\/disijeans.com.co\/index.php?rest_route=\/wp\/v2\/product\/4109","targetHints":{"allow":["GET"]}}],"collection":[{"href":"https:\/\/disijeans.com.co\/index.php?rest_route=\/wp\/v2\/product"}],"about":[{"href":"https:\/\/disijeans.com.co\/index.php?rest_route=\/wp\/v2\/types\/product"}],"replies":[{"embeddable":true,"href":"https:\/\/disijeans.com.co\/index.php?rest_route=%2Fwp%2Fv2%2Fcomments&post=4109"}],"wp:featuredmedia":[{"embeddable":true,"href":"https:\/\/disijeans.com.co\/index.php?rest_route=\/wp\/v2\/media\/5044"}],"wp:attachment":[{"href":"https:\/\/disijeans.com.co\/index.php?rest_route=%2Fwp%2Fv2%2Fmedia&parent=4109"}],"wp:term":[{"taxonomy":"product_brand","embeddable":true,"href":"https:\/\/disijeans.com.co\/index.php?rest_route=%2Fwp%2Fv2%2Fproduct_brand&post=4109"},{"taxonomy":"product_cat","embeddable":true,"href":"https:\/\/disijeans.com.co\/index.php?rest_route=%2Fwp%2Fv2%2Fproduct_cat&post=4109"},{"taxonomy":"product_tag","embeddable":true,"href":"https:\/\/disijeans.com.co\/index.php?rest_route=%2Fwp%2Fv2%2Fproduct_tag&post=4109"}],"curies":[{"name":"wp","href":"https:\/\/api.w.org\/{rel}","templated":true}]}}