{"id":4110,"date":"2024-07-19T13:37:32","date_gmt":"2024-07-19T18:37:32","guid":{"rendered":"https:\/\/disijeans.com.co\/?post_type=product&#038;p=4110"},"modified":"2025-09-06T10:38:19","modified_gmt":"2025-09-06T15:38:19","slug":"skinny-super-elastico-con-destroyer-2","status":"publish","type":"product","link":"https:\/\/disijeans.com.co\/?product=skinny-super-elastico-con-destroyer-2","title":{"rendered":"Jean skinny"},"content":{"rendered":"<p>Jean skinny s\u00faper el\u00e1stico con detalle destroyer en la rodilla. Dise\u00f1o de tiro s\u00faper alto, levanta cola para un ajuste perfecto en los gl\u00fateos. Fabricado en tela s\u00faper el\u00e1stica que se adapta al cuerpo, proporcionando comodidad y flexibilidad. Disponible en color azul claro.<\/p>\n","protected":false},"excerpt":{"rendered":"<p>Descubre el estilo y la comodidad con nuestro Jean Skinny S\u00faper El\u00e1stico de tiro s\u00faper alto y tecnolog\u00eda levanta cola, con un toque de destroyer en la rodilla. Disponible en color azul medio.<\/p>\n","protected":false},"featured_media":5063,"comment_status":"closed","ping_status":"closed","template":"","meta":[],"product_brand":[],"product_cat":[37,27,112,21],"product_tag":[],"class_list":{"0":"post-4110","1":"product","2":"type-product","3":"status-publish","4":"has-post-thumbnail","6":"product_cat-skinny","7":"product_cat-jeans-y-pantalones","8":"product_cat-levanta-cola-skinny","9":"product_cat-mujer","11":"first","12":"instock","13":"sale","14":"shipping-taxable","15":"purchasable","16":"product-type-variable"},"jetpack_sharing_enabled":true,"_links":{"self":[{"href":"https:\/\/disijeans.com.co\/index.php?rest_route=\/wp\/v2\/product\/4110","targetHints":{"allow":["GET"]}}],"collection":[{"href":"https:\/\/disijeans.com.co\/index.php?rest_route=\/wp\/v2\/product"}],"about":[{"href":"https:\/\/disijeans.com.co\/index.php?rest_route=\/wp\/v2\/types\/product"}],"replies":[{"embeddable":true,"href":"https:\/\/disijeans.com.co\/index.php?rest_route=%2Fwp%2Fv2%2Fcomments&post=4110"}],"wp:featuredmedia":[{"embeddable":true,"href":"https:\/\/disijeans.com.co\/index.php?rest_route=\/wp\/v2\/media\/5063"}],"wp:attachment":[{"href":"https:\/\/disijeans.com.co\/index.php?rest_route=%2Fwp%2Fv2%2Fmedia&parent=4110"}],"wp:term":[{"taxonomy":"product_brand","embeddable":true,"href":"https:\/\/disijeans.com.co\/index.php?rest_route=%2Fwp%2Fv2%2Fproduct_brand&post=4110"},{"taxonomy":"product_cat","embeddable":true,"href":"https:\/\/disijeans.com.co\/index.php?rest_route=%2Fwp%2Fv2%2Fproduct_cat&post=4110"},{"taxonomy":"product_tag","embeddable":true,"href":"https:\/\/disijeans.com.co\/index.php?rest_route=%2Fwp%2Fv2%2Fproduct_tag&post=4110"}],"curies":[{"name":"wp","href":"https:\/\/api.w.org\/{rel}","templated":true}]}}