{"id":4161,"date":"2024-07-24T10:58:44","date_gmt":"2024-07-24T15:58:44","guid":{"rendered":"https:\/\/disijeans.com.co\/?post_type=product&#038;p=4161"},"modified":"2025-09-06T11:16:45","modified_gmt":"2025-09-06T16:16:45","slug":"jean-mom-fit-laser","status":"publish","type":"product","link":"https:\/\/disijeans.com.co\/?product=jean-mom-fit-laser","title":{"rendered":"Jean Mom Fit"},"content":{"rendered":"<p>Jean Mom Fit de tiro alto con cinco botones y dise\u00f1o l\u00e1ser en patr\u00f3n que a\u00f1ade un toque moderno y \u00fanico. Silueta semi-ajustada con largo normal, perfecto para un estilo casual y vers\u00e1til. Disponible en color azul medio, confeccionado en material de alta calidad para garantizar resistencia y durabilidad.<\/p>\n","protected":false},"excerpt":{"rendered":"<p>Descubre el estilo cl\u00e1sico con nuestro Jean Momfit de tiro alto, efecto laser\u00a0 y tela r\u00edgida, disponible tambien en color azul medio.<\/p>\n","protected":false},"featured_media":5008,"comment_status":"closed","ping_status":"closed","template":"","meta":[],"product_brand":[],"product_cat":[80,27,21,22,37],"product_tag":[],"class_list":{"0":"post-4161","1":"product","2":"type-product","3":"status-publish","4":"has-post-thumbnail","6":"product_cat-mom-fit","7":"product_cat-jeans-y-pantalones","8":"product_cat-mujer","9":"product_cat-sales","10":"product_cat-skinny","12":"first","13":"instock","14":"sale","15":"shipping-taxable","16":"purchasable","17":"product-type-variable"},"jetpack_sharing_enabled":true,"_links":{"self":[{"href":"https:\/\/disijeans.com.co\/index.php?rest_route=\/wp\/v2\/product\/4161","targetHints":{"allow":["GET"]}}],"collection":[{"href":"https:\/\/disijeans.com.co\/index.php?rest_route=\/wp\/v2\/product"}],"about":[{"href":"https:\/\/disijeans.com.co\/index.php?rest_route=\/wp\/v2\/types\/product"}],"replies":[{"embeddable":true,"href":"https:\/\/disijeans.com.co\/index.php?rest_route=%2Fwp%2Fv2%2Fcomments&post=4161"}],"wp:featuredmedia":[{"embeddable":true,"href":"https:\/\/disijeans.com.co\/index.php?rest_route=\/wp\/v2\/media\/5008"}],"wp:attachment":[{"href":"https:\/\/disijeans.com.co\/index.php?rest_route=%2Fwp%2Fv2%2Fmedia&parent=4161"}],"wp:term":[{"taxonomy":"product_brand","embeddable":true,"href":"https:\/\/disijeans.com.co\/index.php?rest_route=%2Fwp%2Fv2%2Fproduct_brand&post=4161"},{"taxonomy":"product_cat","embeddable":true,"href":"https:\/\/disijeans.com.co\/index.php?rest_route=%2Fwp%2Fv2%2Fproduct_cat&post=4161"},{"taxonomy":"product_tag","embeddable":true,"href":"https:\/\/disijeans.com.co\/index.php?rest_route=%2Fwp%2Fv2%2Fproduct_tag&post=4161"}],"curies":[{"name":"wp","href":"https:\/\/api.w.org\/{rel}","templated":true}]}}