{"id":4206,"date":"2024-07-26T14:26:41","date_gmt":"2024-07-26T19:26:41","guid":{"rendered":"https:\/\/disijeans.com.co\/?post_type=product&#038;p=4206"},"modified":"2025-09-08T10:29:11","modified_gmt":"2025-09-08T15:29:11","slug":"jean-bota-recta-clasico","status":"publish","type":"product","link":"https:\/\/disijeans.com.co\/?product=jean-bota-recta-clasico","title":{"rendered":"Jean Bota Recta"},"content":{"rendered":"<p>Jean de tiro medio alto, semi el\u00e1stico, silueta de bota recta cl\u00e1sica. Tiene un largo normal. Disponible en tonos claros y oscuros desgastados para un look vers\u00e1til.<\/p>\n","protected":false},"excerpt":{"rendered":"<p>Disfruta de la comodidad y el estilo atemporal con nuestro Jean Bota Recta Cl\u00e1sico, disponible en tonos claros y oscuros desgastados.<\/p>\n","protected":false},"featured_media":5072,"comment_status":"closed","ping_status":"closed","template":"","meta":[],"product_brand":[],"product_cat":[47,27,112,21,22],"product_tag":[],"class_list":{"0":"post-4206","1":"product","2":"type-product","3":"status-publish","4":"has-post-thumbnail","6":"product_cat-bota-recta","7":"product_cat-jeans-y-pantalones","8":"product_cat-levanta-cola-skinny","9":"product_cat-mujer","10":"product_cat-sales","12":"first","13":"instock","14":"sale","15":"shipping-taxable","16":"purchasable","17":"product-type-variable"},"jetpack_sharing_enabled":true,"_links":{"self":[{"href":"https:\/\/disijeans.com.co\/index.php?rest_route=\/wp\/v2\/product\/4206","targetHints":{"allow":["GET"]}}],"collection":[{"href":"https:\/\/disijeans.com.co\/index.php?rest_route=\/wp\/v2\/product"}],"about":[{"href":"https:\/\/disijeans.com.co\/index.php?rest_route=\/wp\/v2\/types\/product"}],"replies":[{"embeddable":true,"href":"https:\/\/disijeans.com.co\/index.php?rest_route=%2Fwp%2Fv2%2Fcomments&post=4206"}],"wp:featuredmedia":[{"embeddable":true,"href":"https:\/\/disijeans.com.co\/index.php?rest_route=\/wp\/v2\/media\/5072"}],"wp:attachment":[{"href":"https:\/\/disijeans.com.co\/index.php?rest_route=%2Fwp%2Fv2%2Fmedia&parent=4206"}],"wp:term":[{"taxonomy":"product_brand","embeddable":true,"href":"https:\/\/disijeans.com.co\/index.php?rest_route=%2Fwp%2Fv2%2Fproduct_brand&post=4206"},{"taxonomy":"product_cat","embeddable":true,"href":"https:\/\/disijeans.com.co\/index.php?rest_route=%2Fwp%2Fv2%2Fproduct_cat&post=4206"},{"taxonomy":"product_tag","embeddable":true,"href":"https:\/\/disijeans.com.co\/index.php?rest_route=%2Fwp%2Fv2%2Fproduct_tag&post=4206"}],"curies":[{"name":"wp","href":"https:\/\/api.w.org\/{rel}","templated":true}]}}