{"id":4252,"date":"2024-07-31T11:36:04","date_gmt":"2024-07-31T16:36:04","guid":{"rendered":"https:\/\/disijeans.com.co\/?post_type=product&#038;p=4252"},"modified":"2025-09-10T10:24:14","modified_gmt":"2025-09-10T15:24:14","slug":"top-en-denim-deep-blue","status":"publish","type":"product","link":"https:\/\/disijeans.com.co\/?product=top-en-denim-deep-blue","title":{"rendered":"Top en Denim"},"content":{"rendered":"<p>Top en denim de algod\u00f3n premium, con tiras para un ajuste personalizado. Se adapta f\u00e1cilmente a diferentes tipos de cuerpo gracias a sus tiras para amarrar.<\/p>\n","protected":false},"excerpt":{"rendered":"<p>Eleva tu look con nuestro Top en Denim, confeccionado en algod\u00f3n premium y dise\u00f1ado con tiras para amarrar en la espalda. Disponible en dos tonos vers\u00e1tiles.<\/p>\n","protected":false},"featured_media":4638,"comment_status":"closed","ping_status":"closed","template":"","meta":[],"product_brand":[],"product_cat":[72,26,21],"product_tag":[],"class_list":{"0":"post-4252","1":"product","2":"type-product","3":"status-publish","4":"has-post-thumbnail","6":"product_cat-crop-top","7":"product_cat-crop-tops-chalecos-denim-strapless","8":"product_cat-mujer","10":"first","11":"instock","12":"shipping-taxable","13":"purchasable","14":"product-type-variable"},"_links":{"self":[{"href":"https:\/\/disijeans.com.co\/index.php?rest_route=\/wp\/v2\/product\/4252","targetHints":{"allow":["GET"]}}],"collection":[{"href":"https:\/\/disijeans.com.co\/index.php?rest_route=\/wp\/v2\/product"}],"about":[{"href":"https:\/\/disijeans.com.co\/index.php?rest_route=\/wp\/v2\/types\/product"}],"replies":[{"embeddable":true,"href":"https:\/\/disijeans.com.co\/index.php?rest_route=%2Fwp%2Fv2%2Fcomments&post=4252"}],"wp:featuredmedia":[{"embeddable":true,"href":"https:\/\/disijeans.com.co\/index.php?rest_route=\/wp\/v2\/media\/4638"}],"wp:attachment":[{"href":"https:\/\/disijeans.com.co\/index.php?rest_route=%2Fwp%2Fv2%2Fmedia&parent=4252"}],"wp:term":[{"taxonomy":"product_brand","embeddable":true,"href":"https:\/\/disijeans.com.co\/index.php?rest_route=%2Fwp%2Fv2%2Fproduct_brand&post=4252"},{"taxonomy":"product_cat","embeddable":true,"href":"https:\/\/disijeans.com.co\/index.php?rest_route=%2Fwp%2Fv2%2Fproduct_cat&post=4252"},{"taxonomy":"product_tag","embeddable":true,"href":"https:\/\/disijeans.com.co\/index.php?rest_route=%2Fwp%2Fv2%2Fproduct_tag&post=4252"}],"curies":[{"name":"wp","href":"https:\/\/api.w.org\/{rel}","templated":true}]}}