{"id":4425,"date":"2024-09-23T14:31:12","date_gmt":"2024-09-23T19:31:12","guid":{"rendered":"https:\/\/disijeans.com.co\/?post_type=product&#038;p=4425"},"modified":"2026-02-27T15:39:58","modified_gmt":"2026-02-27T20:39:58","slug":"pantalon-corduroy-bota-recta","status":"publish","type":"product","link":"https:\/\/disijeans.com.co\/?product=pantalon-corduroy-bota-recta","title":{"rendered":"Pantalon Corduroy"},"content":{"rendered":"<p>Pantal\u00f3n corduroy para dama (pana) en algod\u00f3n el\u00e1stico, con tiro s\u00faper alto que favorece la silueta. Su silueta de pierna recta ofrece un corte cl\u00e1sico y elegante, mientras que la elasticidad extra asegura un ajuste c\u00f3modo y flexible, en color ocre.<\/p>\n<p>La modelo mide: 1,63 m y esta usando talla 6<\/p>\n","protected":false},"excerpt":{"rendered":"<p>Pantal\u00f3n Corduroy en algod\u00f3n premium el\u00e1stico, dise\u00f1ado con un tiro s\u00faper alto y silueta pierna recta. Cremallera frontal y bot\u00f3n met\u00e1lico. Descubre el estilo y comodidad ideal para cualquier ocasi\u00f3n. Color ocre<\/p>\n<p>&nbsp;<\/p>\n","protected":false},"featured_media":4629,"comment_status":"closed","ping_status":"closed","template":"","meta":[],"product_brand":[],"product_cat":[27,48,47,21,113,38],"product_tag":[],"class_list":{"0":"post-4425","1":"product","2":"type-product","3":"status-publish","4":"has-post-thumbnail","6":"product_cat-jeans-y-pantalones","7":"product_cat-bota-ancha","8":"product_cat-bota-recta","9":"product_cat-mujer","10":"product_cat-pierna-ancha","11":"product_cat-slim","13":"first","14":"instock","15":"sale","16":"shipping-taxable","17":"purchasable","18":"product-type-variable"},"jetpack_sharing_enabled":true,"_links":{"self":[{"href":"https:\/\/disijeans.com.co\/index.php?rest_route=\/wp\/v2\/product\/4425","targetHints":{"allow":["GET"]}}],"collection":[{"href":"https:\/\/disijeans.com.co\/index.php?rest_route=\/wp\/v2\/product"}],"about":[{"href":"https:\/\/disijeans.com.co\/index.php?rest_route=\/wp\/v2\/types\/product"}],"replies":[{"embeddable":true,"href":"https:\/\/disijeans.com.co\/index.php?rest_route=%2Fwp%2Fv2%2Fcomments&post=4425"}],"wp:featuredmedia":[{"embeddable":true,"href":"https:\/\/disijeans.com.co\/index.php?rest_route=\/wp\/v2\/media\/4629"}],"wp:attachment":[{"href":"https:\/\/disijeans.com.co\/index.php?rest_route=%2Fwp%2Fv2%2Fmedia&parent=4425"}],"wp:term":[{"taxonomy":"product_brand","embeddable":true,"href":"https:\/\/disijeans.com.co\/index.php?rest_route=%2Fwp%2Fv2%2Fproduct_brand&post=4425"},{"taxonomy":"product_cat","embeddable":true,"href":"https:\/\/disijeans.com.co\/index.php?rest_route=%2Fwp%2Fv2%2Fproduct_cat&post=4425"},{"taxonomy":"product_tag","embeddable":true,"href":"https:\/\/disijeans.com.co\/index.php?rest_route=%2Fwp%2Fv2%2Fproduct_tag&post=4425"}],"curies":[{"name":"wp","href":"https:\/\/api.w.org\/{rel}","templated":true}]}}