{"id":4473,"date":"2024-10-01T16:03:32","date_gmt":"2024-10-01T21:03:32","guid":{"rendered":"https:\/\/disijeans.com.co\/?post_type=product&#038;p=4473"},"modified":"2025-09-24T15:18:21","modified_gmt":"2025-09-24T20:18:21","slug":"jean-cargo-bota-recta-elasticidad-dama","status":"publish","type":"product","link":"https:\/\/disijeans.com.co\/?product=jean-cargo-bota-recta-elasticidad-dama","title":{"rendered":"JEAN CARGO"},"content":{"rendered":"<p>Jean cargo bota recta, de tiro alto con elasticidad, bota recta y bolsillos en la parte delantera, trasera y en las botas. Cuenta con cremallera frontal y bot\u00f3n met\u00e1lico. Composici\u00f3n: 100% algod\u00f3n. La modelo mide: 1,74 m y esta usando talla 8.<\/p>\n","protected":false},"excerpt":{"rendered":"<p>Jean cargo\u00a0 bota recta para dama, de tiro alto con elasticidad, bota recta y bolsillos en la parte delantera, trasera y en las botas. Cuenta con cremallera frontal y bot\u00f3n met\u00e1lico.<\/p>\n<p>Composici\u00f3n: 100% algod\u00f3n.<\/p>\n<p>La modelo mide: 1,74 m y esta usando talla 8.<\/p>\n<p>&nbsp;<\/p>\n<p>Jean bota recta para dama de tiro alto, bota recta con elasticidad y bolsillos con tapas en las botas. Cintura amplia con elasticidad para mayor comodidad.<\/p>\n","protected":false},"featured_media":4590,"comment_status":"closed","ping_status":"closed","template":"","meta":[],"product_brand":[],"product_cat":[53,48,82,47,27,112,21,38],"product_tag":[],"class_list":{"0":"post-4473","1":"product","2":"type-product","3":"status-publish","4":"has-post-thumbnail","6":"product_cat-cargos","7":"product_cat-bota-ancha","8":"product_cat-bota-campana","9":"product_cat-bota-recta","10":"product_cat-jeans-y-pantalones","11":"product_cat-levanta-cola-skinny","12":"product_cat-mujer","13":"product_cat-slim","15":"first","16":"instock","17":"sale","18":"shipping-taxable","19":"purchasable","20":"product-type-variable"},"_links":{"self":[{"href":"https:\/\/disijeans.com.co\/index.php?rest_route=\/wp\/v2\/product\/4473","targetHints":{"allow":["GET"]}}],"collection":[{"href":"https:\/\/disijeans.com.co\/index.php?rest_route=\/wp\/v2\/product"}],"about":[{"href":"https:\/\/disijeans.com.co\/index.php?rest_route=\/wp\/v2\/types\/product"}],"replies":[{"embeddable":true,"href":"https:\/\/disijeans.com.co\/index.php?rest_route=%2Fwp%2Fv2%2Fcomments&post=4473"}],"wp:featuredmedia":[{"embeddable":true,"href":"https:\/\/disijeans.com.co\/index.php?rest_route=\/wp\/v2\/media\/4590"}],"wp:attachment":[{"href":"https:\/\/disijeans.com.co\/index.php?rest_route=%2Fwp%2Fv2%2Fmedia&parent=4473"}],"wp:term":[{"taxonomy":"product_brand","embeddable":true,"href":"https:\/\/disijeans.com.co\/index.php?rest_route=%2Fwp%2Fv2%2Fproduct_brand&post=4473"},{"taxonomy":"product_cat","embeddable":true,"href":"https:\/\/disijeans.com.co\/index.php?rest_route=%2Fwp%2Fv2%2Fproduct_cat&post=4473"},{"taxonomy":"product_tag","embeddable":true,"href":"https:\/\/disijeans.com.co\/index.php?rest_route=%2Fwp%2Fv2%2Fproduct_tag&post=4473"}],"curies":[{"name":"wp","href":"https:\/\/api.w.org\/{rel}","templated":true}]}}