{"id":5340,"date":"2024-10-30T15:04:28","date_gmt":"2024-10-30T20:04:28","guid":{"rendered":"https:\/\/disijeans.com.co\/?post_type=product&#038;p=5340"},"modified":"2025-09-25T11:20:23","modified_gmt":"2025-09-25T16:20:23","slug":"jean-negro-bota-campana-desflecado","status":"publish","type":"product","link":"https:\/\/disijeans.com.co\/?product=jean-negro-bota-campana-desflecado","title":{"rendered":"Jean Bota Campana"},"content":{"rendered":"<p>Jean bota campana de tiro alto con detalles de rotos y desflecados. Su estilo \u00fanico y moderno ofrece una silueta favorecedora y audaz, ideal para un look contempor\u00e1neo y vers\u00e1til.<\/p>\n<p>&nbsp;<\/p>\n","protected":false},"excerpt":{"rendered":"<p>Jean bota campana, tiro alto, rotos y desflecados en color naranja quemado. Estilo moderno y \u00fanico.<\/p>\n","protected":false},"featured_media":5348,"comment_status":"closed","ping_status":"closed","template":"","meta":[],"product_brand":[],"product_cat":[27,48,82,47,111,112,21,114,22],"product_tag":[],"class_list":{"0":"post-5340","1":"product","2":"type-product","3":"status-publish","4":"has-post-thumbnail","6":"product_cat-jeans-y-pantalones","7":"product_cat-bota-ancha","8":"product_cat-bota-campana","9":"product_cat-bota-recta","10":"product_cat-levanta-cola","11":"product_cat-levanta-cola-skinny","12":"product_cat-mujer","13":"product_cat-roto","14":"product_cat-sales","16":"first","17":"instock","18":"sale","19":"shipping-taxable","20":"purchasable","21":"product-type-variable"},"_links":{"self":[{"href":"https:\/\/disijeans.com.co\/index.php?rest_route=\/wp\/v2\/product\/5340","targetHints":{"allow":["GET"]}}],"collection":[{"href":"https:\/\/disijeans.com.co\/index.php?rest_route=\/wp\/v2\/product"}],"about":[{"href":"https:\/\/disijeans.com.co\/index.php?rest_route=\/wp\/v2\/types\/product"}],"replies":[{"embeddable":true,"href":"https:\/\/disijeans.com.co\/index.php?rest_route=%2Fwp%2Fv2%2Fcomments&post=5340"}],"wp:featuredmedia":[{"embeddable":true,"href":"https:\/\/disijeans.com.co\/index.php?rest_route=\/wp\/v2\/media\/5348"}],"wp:attachment":[{"href":"https:\/\/disijeans.com.co\/index.php?rest_route=%2Fwp%2Fv2%2Fmedia&parent=5340"}],"wp:term":[{"taxonomy":"product_brand","embeddable":true,"href":"https:\/\/disijeans.com.co\/index.php?rest_route=%2Fwp%2Fv2%2Fproduct_brand&post=5340"},{"taxonomy":"product_cat","embeddable":true,"href":"https:\/\/disijeans.com.co\/index.php?rest_route=%2Fwp%2Fv2%2Fproduct_cat&post=5340"},{"taxonomy":"product_tag","embeddable":true,"href":"https:\/\/disijeans.com.co\/index.php?rest_route=%2Fwp%2Fv2%2Fproduct_tag&post=5340"}],"curies":[{"name":"wp","href":"https:\/\/api.w.org\/{rel}","templated":true}]}}