{"id":5385,"date":"2024-11-03T15:55:50","date_gmt":"2024-11-03T20:55:50","guid":{"rendered":"https:\/\/disijeans.com.co\/?post_type=product&#038;p=5385"},"modified":"2025-09-24T15:14:44","modified_gmt":"2025-09-24T20:14:44","slug":"jean-cargo-para-dama","status":"publish","type":"product","link":"https:\/\/disijeans.com.co\/?product=jean-cargo-para-dama","title":{"rendered":"JEAN CARGO"},"content":{"rendered":"<p>Jean cargo para dama de tiro alto, ajustado en la cintura, con pierna ancha y cortes frontales. Confeccionado en tela r\u00edgida, cuenta con cremallera frontal y bot\u00f3n met\u00e1lico. Disponible en azul medio con desgastes y rotos. Composici\u00f3n: 100% algod\u00f3n. La modelo mide: 1,74 m y esta usando talla 6.<\/p>\n","protected":false},"excerpt":{"rendered":"<p>Jean cargo para dama de tiro alto, ajustado en la cintura, con pierna ancha y cortes frontales. Confeccionado en tela r\u00edgida, cuenta con cremallera frontal y bot\u00f3n met\u00e1lico. Disponible en azul medio con desgastes y rotos.<\/p>\n<p>Composici\u00f3n: 100% algod\u00f3n.<\/p>\n<p>La modelo mide: 1,74 m y esta usando talla 6.<\/p>\n<p>Jean cargo para dama de tiro alto, pierna ancha, cortes delanteros, tela r\u00edgida y cintura ajustada.<\/p>\n<p>&nbsp;<\/p>\n","protected":false},"featured_media":5390,"comment_status":"closed","ping_status":"closed","template":"","meta":[],"product_brand":[],"product_cat":[48,47,53,27,21,113,114,22],"product_tag":[],"class_list":{"0":"post-5385","1":"product","2":"type-product","3":"status-publish","4":"has-post-thumbnail","6":"product_cat-bota-ancha","7":"product_cat-bota-recta","8":"product_cat-cargos","9":"product_cat-jeans-y-pantalones","10":"product_cat-mujer","11":"product_cat-pierna-ancha","12":"product_cat-roto","13":"product_cat-sales","15":"first","16":"instock","17":"sale","18":"shipping-taxable","19":"purchasable","20":"product-type-variable"},"_links":{"self":[{"href":"https:\/\/disijeans.com.co\/index.php?rest_route=\/wp\/v2\/product\/5385","targetHints":{"allow":["GET"]}}],"collection":[{"href":"https:\/\/disijeans.com.co\/index.php?rest_route=\/wp\/v2\/product"}],"about":[{"href":"https:\/\/disijeans.com.co\/index.php?rest_route=\/wp\/v2\/types\/product"}],"replies":[{"embeddable":true,"href":"https:\/\/disijeans.com.co\/index.php?rest_route=%2Fwp%2Fv2%2Fcomments&post=5385"}],"wp:featuredmedia":[{"embeddable":true,"href":"https:\/\/disijeans.com.co\/index.php?rest_route=\/wp\/v2\/media\/5390"}],"wp:attachment":[{"href":"https:\/\/disijeans.com.co\/index.php?rest_route=%2Fwp%2Fv2%2Fmedia&parent=5385"}],"wp:term":[{"taxonomy":"product_brand","embeddable":true,"href":"https:\/\/disijeans.com.co\/index.php?rest_route=%2Fwp%2Fv2%2Fproduct_brand&post=5385"},{"taxonomy":"product_cat","embeddable":true,"href":"https:\/\/disijeans.com.co\/index.php?rest_route=%2Fwp%2Fv2%2Fproduct_cat&post=5385"},{"taxonomy":"product_tag","embeddable":true,"href":"https:\/\/disijeans.com.co\/index.php?rest_route=%2Fwp%2Fv2%2Fproduct_tag&post=5385"}],"curies":[{"name":"wp","href":"https:\/\/api.w.org\/{rel}","templated":true}]}}