{"id":5417,"date":"2024-11-05T15:49:57","date_gmt":"2024-11-05T20:49:57","guid":{"rendered":"https:\/\/disijeans.com.co\/?post_type=product&#038;p=5417"},"modified":"2025-09-24T15:11:42","modified_gmt":"2025-09-24T20:11:42","slug":"jean-cargo-para-dama-basico","status":"publish","type":"product","link":"https:\/\/disijeans.com.co\/?product=jean-cargo-para-dama-basico","title":{"rendered":"JEAN CARGO"},"content":{"rendered":"<p>Jean cargo tiro alto, ajustado en la cintura, con pierna ancha y cortes frontales. Confeccionado en tela r\u00edgida, cuenta con cremallera frontal y bot\u00f3n met\u00e1lico. Disponible en azul medio nevado. Composici\u00f3n: 100% algod\u00f3n. La modelo mide: 1,74 m y est\u00e1 usando talla 6.<\/p>\n","protected":false},"excerpt":{"rendered":"<p>&nbsp;<\/p>\n<p>Jean cargo para dama de tiro alto , pierna ancha, cortes delanteros, tela r\u00edgida y cintura ajustada.<\/p>\n","protected":false},"featured_media":6884,"comment_status":"closed","ping_status":"closed","template":"","meta":[],"product_brand":[],"product_cat":[27,48,47,53,80,113],"product_tag":[],"class_list":{"0":"post-5417","1":"product","2":"type-product","3":"status-publish","4":"has-post-thumbnail","6":"product_cat-jeans-y-pantalones","7":"product_cat-bota-ancha","8":"product_cat-bota-recta","9":"product_cat-cargos","10":"product_cat-mom-fit","11":"product_cat-pierna-ancha","13":"first","14":"instock","15":"sale","16":"shipping-taxable","17":"purchasable","18":"product-type-variable"},"_links":{"self":[{"href":"https:\/\/disijeans.com.co\/index.php?rest_route=\/wp\/v2\/product\/5417","targetHints":{"allow":["GET"]}}],"collection":[{"href":"https:\/\/disijeans.com.co\/index.php?rest_route=\/wp\/v2\/product"}],"about":[{"href":"https:\/\/disijeans.com.co\/index.php?rest_route=\/wp\/v2\/types\/product"}],"replies":[{"embeddable":true,"href":"https:\/\/disijeans.com.co\/index.php?rest_route=%2Fwp%2Fv2%2Fcomments&post=5417"}],"wp:featuredmedia":[{"embeddable":true,"href":"https:\/\/disijeans.com.co\/index.php?rest_route=\/wp\/v2\/media\/6884"}],"wp:attachment":[{"href":"https:\/\/disijeans.com.co\/index.php?rest_route=%2Fwp%2Fv2%2Fmedia&parent=5417"}],"wp:term":[{"taxonomy":"product_brand","embeddable":true,"href":"https:\/\/disijeans.com.co\/index.php?rest_route=%2Fwp%2Fv2%2Fproduct_brand&post=5417"},{"taxonomy":"product_cat","embeddable":true,"href":"https:\/\/disijeans.com.co\/index.php?rest_route=%2Fwp%2Fv2%2Fproduct_cat&post=5417"},{"taxonomy":"product_tag","embeddable":true,"href":"https:\/\/disijeans.com.co\/index.php?rest_route=%2Fwp%2Fv2%2Fproduct_tag&post=5417"}],"curies":[{"name":"wp","href":"https:\/\/api.w.org\/{rel}","templated":true}]}}