{"id":5672,"date":"2024-11-28T15:06:36","date_gmt":"2024-11-28T20:06:36","guid":{"rendered":"https:\/\/disijeans.com.co\/?post_type=product&#038;p=5672"},"modified":"2025-09-24T16:10:51","modified_gmt":"2025-09-24T21:10:51","slug":"pantalon-levanta-cola-elastic-2","status":"publish","type":"product","link":"https:\/\/disijeans.com.co\/?product=pantalon-levanta-cola-elastic-2","title":{"rendered":"Pantalon Pretina Anatomica"},"content":{"rendered":"<p>Pantal\u00f3n de dama de tiro medio con alt\u00edsima elasticidad, dise\u00f1ado con una silueta ajustada y corta que resalta la figura, con efecto levanta cola, dos botones y cremallera para mayor comodidad. Confeccionado en 97% algod\u00f3n y 3% elast\u00f3mero, combinando suavidad y flexibilidad.<\/p>\n","protected":false},"excerpt":{"rendered":"<p>Pantal\u00f3n tiro medio, silueta ajustada, levanta cola, pretina ancha y bota con fleco. 97% algod\u00f3n y 3% elast\u00f3mero para un ajuste perfecto.<\/p>\n","protected":false},"featured_media":5755,"comment_status":"closed","ping_status":"closed","template":"","meta":[],"product_brand":[],"product_cat":[27,62,111,112,21,22,37,38],"product_tag":[],"class_list":{"0":"post-5672","1":"product","2":"type-product","3":"status-publish","4":"has-post-thumbnail","6":"product_cat-jeans-y-pantalones","7":"product_cat-corto","8":"product_cat-levanta-cola","9":"product_cat-levanta-cola-skinny","10":"product_cat-mujer","11":"product_cat-sales","12":"product_cat-skinny","13":"product_cat-slim","15":"first","16":"instock","17":"sale","18":"shipping-taxable","19":"purchasable","20":"product-type-variable"},"_links":{"self":[{"href":"https:\/\/disijeans.com.co\/index.php?rest_route=\/wp\/v2\/product\/5672","targetHints":{"allow":["GET"]}}],"collection":[{"href":"https:\/\/disijeans.com.co\/index.php?rest_route=\/wp\/v2\/product"}],"about":[{"href":"https:\/\/disijeans.com.co\/index.php?rest_route=\/wp\/v2\/types\/product"}],"replies":[{"embeddable":true,"href":"https:\/\/disijeans.com.co\/index.php?rest_route=%2Fwp%2Fv2%2Fcomments&post=5672"}],"wp:featuredmedia":[{"embeddable":true,"href":"https:\/\/disijeans.com.co\/index.php?rest_route=\/wp\/v2\/media\/5755"}],"wp:attachment":[{"href":"https:\/\/disijeans.com.co\/index.php?rest_route=%2Fwp%2Fv2%2Fmedia&parent=5672"}],"wp:term":[{"taxonomy":"product_brand","embeddable":true,"href":"https:\/\/disijeans.com.co\/index.php?rest_route=%2Fwp%2Fv2%2Fproduct_brand&post=5672"},{"taxonomy":"product_cat","embeddable":true,"href":"https:\/\/disijeans.com.co\/index.php?rest_route=%2Fwp%2Fv2%2Fproduct_cat&post=5672"},{"taxonomy":"product_tag","embeddable":true,"href":"https:\/\/disijeans.com.co\/index.php?rest_route=%2Fwp%2Fv2%2Fproduct_tag&post=5672"}],"curies":[{"name":"wp","href":"https:\/\/api.w.org\/{rel}","templated":true}]}}