{"id":5684,"date":"2024-11-28T15:51:41","date_gmt":"2024-11-28T20:51:41","guid":{"rendered":"https:\/\/disijeans.com.co\/?post_type=product&#038;p=5684"},"modified":"2025-09-24T15:03:03","modified_gmt":"2025-09-24T20:03:03","slug":"falda-cargo-con-corte-delantero","status":"publish","type":"product","link":"https:\/\/disijeans.com.co\/?product=falda-cargo-con-corte-delantero","title":{"rendered":"Falda Cargo"},"content":{"rendered":"<p>Falda cargo de tiro alto con silueta ajustada y elasticidad para un ajuste c\u00f3modo y favorecedor. Cuenta con cinco bolsillos y una elegante abertura frontal que le da un toque moderno. Con bot\u00f3n y cremallera para mayor funcionalidad. Confeccionada en 98% algod\u00f3n y 2% elast\u00f3mero, perfecta para un look casual y con estilo.<\/p>\n","protected":false},"excerpt":{"rendered":"<p>Falda tiro alto, silueta ajustada con elasticidad, cinco bolsillos y abertura frontal. 98% algod\u00f3n y 2% elast\u00f3mero para un ajuste c\u00f3modo.<\/p>\n","protected":false},"featured_media":6878,"comment_status":"closed","ping_status":"closed","template":"","meta":[],"product_brand":[],"product_cat":[28,21,22],"product_tag":[],"class_list":{"0":"post-5684","1":"product","2":"type-product","3":"status-publish","4":"has-post-thumbnail","6":"product_cat-faldas-shorts-faldashorts","7":"product_cat-mujer","8":"product_cat-sales","10":"first","11":"instock","12":"sale","13":"shipping-taxable","14":"purchasable","15":"product-type-variable"},"_links":{"self":[{"href":"https:\/\/disijeans.com.co\/index.php?rest_route=\/wp\/v2\/product\/5684","targetHints":{"allow":["GET"]}}],"collection":[{"href":"https:\/\/disijeans.com.co\/index.php?rest_route=\/wp\/v2\/product"}],"about":[{"href":"https:\/\/disijeans.com.co\/index.php?rest_route=\/wp\/v2\/types\/product"}],"replies":[{"embeddable":true,"href":"https:\/\/disijeans.com.co\/index.php?rest_route=%2Fwp%2Fv2%2Fcomments&post=5684"}],"wp:featuredmedia":[{"embeddable":true,"href":"https:\/\/disijeans.com.co\/index.php?rest_route=\/wp\/v2\/media\/6878"}],"wp:attachment":[{"href":"https:\/\/disijeans.com.co\/index.php?rest_route=%2Fwp%2Fv2%2Fmedia&parent=5684"}],"wp:term":[{"taxonomy":"product_brand","embeddable":true,"href":"https:\/\/disijeans.com.co\/index.php?rest_route=%2Fwp%2Fv2%2Fproduct_brand&post=5684"},{"taxonomy":"product_cat","embeddable":true,"href":"https:\/\/disijeans.com.co\/index.php?rest_route=%2Fwp%2Fv2%2Fproduct_cat&post=5684"},{"taxonomy":"product_tag","embeddable":true,"href":"https:\/\/disijeans.com.co\/index.php?rest_route=%2Fwp%2Fv2%2Fproduct_tag&post=5684"}],"curies":[{"name":"wp","href":"https:\/\/api.w.org\/{rel}","templated":true}]}}