{"id":5690,"date":"2024-11-28T16:04:02","date_gmt":"2024-11-28T21:04:02","guid":{"rendered":"https:\/\/disijeans.com.co\/?post_type=product&#038;p=5690"},"modified":"2024-12-05T00:49:08","modified_gmt":"2024-12-05T05:49:08","slug":"jean-dama-skinny-ultra-elastic","status":"publish","type":"product","link":"https:\/\/disijeans.com.co\/?product=jean-dama-skinny-ultra-elastic","title":{"rendered":"Jean Dama Skinny Ultra Elastic"},"content":{"rendered":"<p>Jean Dama skinny de tiro alto con tecnolog\u00eda levanta cola, dise\u00f1ado para ajustarse perfectamente desde la cintura hasta el tobillo. Su tejido \u00edndigo de alta elasticidad se adapta a cualquier tipo de cuerpo, ofreciendo comodidad y un ajuste impecable. Confeccionado en 76% algod\u00f3n, 21% poli\u00e9ster y 13% elast\u00f3mero, ideal para un look estilizado y c\u00f3modo.<\/p>\n","protected":false},"excerpt":{"rendered":"<p>Jean skinny tiro alto levanta cola, ajustado desde la cintura hasta el tobillo. Alta elasticidad y 76% algod\u00f3n para un ajuste perfecto.<\/p>\n","protected":false},"featured_media":3732,"comment_status":"closed","ping_status":"closed","template":"","meta":[],"product_brand":[],"product_cat":[27,111,21,37,38],"product_tag":[],"class_list":{"0":"post-5690","1":"product","2":"type-product","3":"status-publish","4":"has-post-thumbnail","6":"product_cat-jeans-y-pantalones","7":"product_cat-levanta-cola","8":"product_cat-mujer","9":"product_cat-skinny","10":"product_cat-slim","12":"first","13":"instock","14":"shipping-taxable","15":"purchasable","16":"product-type-variable"},"jetpack_sharing_enabled":true,"_links":{"self":[{"href":"https:\/\/disijeans.com.co\/index.php?rest_route=\/wp\/v2\/product\/5690","targetHints":{"allow":["GET"]}}],"collection":[{"href":"https:\/\/disijeans.com.co\/index.php?rest_route=\/wp\/v2\/product"}],"about":[{"href":"https:\/\/disijeans.com.co\/index.php?rest_route=\/wp\/v2\/types\/product"}],"replies":[{"embeddable":true,"href":"https:\/\/disijeans.com.co\/index.php?rest_route=%2Fwp%2Fv2%2Fcomments&post=5690"}],"wp:featuredmedia":[{"embeddable":true,"href":"https:\/\/disijeans.com.co\/index.php?rest_route=\/wp\/v2\/media\/3732"}],"wp:attachment":[{"href":"https:\/\/disijeans.com.co\/index.php?rest_route=%2Fwp%2Fv2%2Fmedia&parent=5690"}],"wp:term":[{"taxonomy":"product_brand","embeddable":true,"href":"https:\/\/disijeans.com.co\/index.php?rest_route=%2Fwp%2Fv2%2Fproduct_brand&post=5690"},{"taxonomy":"product_cat","embeddable":true,"href":"https:\/\/disijeans.com.co\/index.php?rest_route=%2Fwp%2Fv2%2Fproduct_cat&post=5690"},{"taxonomy":"product_tag","embeddable":true,"href":"https:\/\/disijeans.com.co\/index.php?rest_route=%2Fwp%2Fv2%2Fproduct_tag&post=5690"}],"curies":[{"name":"wp","href":"https:\/\/api.w.org\/{rel}","templated":true}]}}