{"id":5838,"date":"2024-12-04T09:07:57","date_gmt":"2024-12-04T14:07:57","guid":{"rendered":"https:\/\/disijeans.com.co\/?post_type=product&#038;p=5838"},"modified":"2025-01-23T15:13:15","modified_gmt":"2025-01-23T20:13:15","slug":"mini-falda-de-prenses","status":"publish","type":"product","link":"https:\/\/disijeans.com.co\/?product=mini-falda-de-prenses","title":{"rendered":"MINI FALDA DE PRENSES EN DENIM"},"content":{"rendered":"<p>Luce espectacular con nuestra mini falda de prenses con bolsillos, dise\u00f1ada para combinar comodidad y estilo. Confeccionada en denim 100% algod\u00f3n org\u00e1nico sin elasticidad, ofrece un acabado estructurado y sostenible. Disponible en dos tonos modernos: gris y azul medio desgastado, esta prenda es perfecta para crear looks frescos y vers\u00e1tiles.<\/p>\n","protected":false},"excerpt":{"rendered":"<p>Luce espectacular con nuestra mini falda de prenses con bolsillos, dise\u00f1ada para combinar comodidad y estilo. Confeccionada en denim 100% algod\u00f3n org\u00e1nico sin elasticidad, ofrece un acabado estructurado y sostenible. Disponible en dos tonos modernos: gris y azul medio desgastado, esta prenda es perfecta para crear looks frescos y vers\u00e1tiles.<\/p>\n","protected":false},"featured_media":5859,"comment_status":"closed","ping_status":"closed","template":"","meta":[],"product_brand":[],"product_cat":[21,28],"product_tag":[],"class_list":{"0":"post-5838","1":"product","2":"type-product","3":"status-publish","4":"has-post-thumbnail","6":"product_cat-mujer","7":"product_cat-faldas-shorts-faldashorts","9":"first","10":"instock","11":"shipping-taxable","12":"purchasable","13":"product-type-variable"},"_links":{"self":[{"href":"https:\/\/disijeans.com.co\/index.php?rest_route=\/wp\/v2\/product\/5838","targetHints":{"allow":["GET"]}}],"collection":[{"href":"https:\/\/disijeans.com.co\/index.php?rest_route=\/wp\/v2\/product"}],"about":[{"href":"https:\/\/disijeans.com.co\/index.php?rest_route=\/wp\/v2\/types\/product"}],"replies":[{"embeddable":true,"href":"https:\/\/disijeans.com.co\/index.php?rest_route=%2Fwp%2Fv2%2Fcomments&post=5838"}],"wp:featuredmedia":[{"embeddable":true,"href":"https:\/\/disijeans.com.co\/index.php?rest_route=\/wp\/v2\/media\/5859"}],"wp:attachment":[{"href":"https:\/\/disijeans.com.co\/index.php?rest_route=%2Fwp%2Fv2%2Fmedia&parent=5838"}],"wp:term":[{"taxonomy":"product_brand","embeddable":true,"href":"https:\/\/disijeans.com.co\/index.php?rest_route=%2Fwp%2Fv2%2Fproduct_brand&post=5838"},{"taxonomy":"product_cat","embeddable":true,"href":"https:\/\/disijeans.com.co\/index.php?rest_route=%2Fwp%2Fv2%2Fproduct_cat&post=5838"},{"taxonomy":"product_tag","embeddable":true,"href":"https:\/\/disijeans.com.co\/index.php?rest_route=%2Fwp%2Fv2%2Fproduct_tag&post=5838"}],"curies":[{"name":"wp","href":"https:\/\/api.w.org\/{rel}","templated":true}]}}