{"id":5847,"date":"2024-12-04T10:23:35","date_gmt":"2024-12-04T15:23:35","guid":{"rendered":"https:\/\/disijeans.com.co\/?post_type=product&#038;p=5847"},"modified":"2025-01-23T15:12:42","modified_gmt":"2025-01-23T20:12:42","slug":"mini-falda-de-prenses-en-denim-2","status":"publish","type":"product","link":"https:\/\/disijeans.com.co\/?product=mini-falda-de-prenses-en-denim-2","title":{"rendered":"MINI FALDA DE PRENSES EN DENIM"},"content":{"rendered":"<p>Luce espectacular con nuestra mini falda de prenses con bolsillos, dise\u00f1ada para combinar comodidad y estilo. Confeccionada en denim 100% algod\u00f3n org\u00e1nico sin elasticidad, ofrece un acabado estructurado y sostenible. Disponible en dos tonos modernos: gris y azul hielo, esta prenda es perfecta para crear looks frescos y vers\u00e1tiles.<\/p>\n","protected":false},"excerpt":{"rendered":"<p>Luce espectacular con nuestra mini falda de prenses con bolsillos, dise\u00f1ada para combinar comodidad y estilo. Confeccionada en denim 100% algod\u00f3n org\u00e1nico sin elasticidad, ofrece un acabado estructurado y sostenible. Disponible en dos tonos modernos: gris y azul hielo, esta prenda es perfecta para crear looks frescos y vers\u00e1tiles.<\/p>\n","protected":false},"featured_media":5854,"comment_status":"closed","ping_status":"closed","template":"","meta":[],"product_brand":[],"product_cat":[28,21],"product_tag":[],"class_list":{"0":"post-5847","1":"product","2":"type-product","3":"status-publish","4":"has-post-thumbnail","6":"product_cat-faldas-shorts-faldashorts","7":"product_cat-mujer","9":"first","10":"instock","11":"shipping-taxable","12":"purchasable","13":"product-type-variable"},"_links":{"self":[{"href":"https:\/\/disijeans.com.co\/index.php?rest_route=\/wp\/v2\/product\/5847","targetHints":{"allow":["GET"]}}],"collection":[{"href":"https:\/\/disijeans.com.co\/index.php?rest_route=\/wp\/v2\/product"}],"about":[{"href":"https:\/\/disijeans.com.co\/index.php?rest_route=\/wp\/v2\/types\/product"}],"replies":[{"embeddable":true,"href":"https:\/\/disijeans.com.co\/index.php?rest_route=%2Fwp%2Fv2%2Fcomments&post=5847"}],"wp:featuredmedia":[{"embeddable":true,"href":"https:\/\/disijeans.com.co\/index.php?rest_route=\/wp\/v2\/media\/5854"}],"wp:attachment":[{"href":"https:\/\/disijeans.com.co\/index.php?rest_route=%2Fwp%2Fv2%2Fmedia&parent=5847"}],"wp:term":[{"taxonomy":"product_brand","embeddable":true,"href":"https:\/\/disijeans.com.co\/index.php?rest_route=%2Fwp%2Fv2%2Fproduct_brand&post=5847"},{"taxonomy":"product_cat","embeddable":true,"href":"https:\/\/disijeans.com.co\/index.php?rest_route=%2Fwp%2Fv2%2Fproduct_cat&post=5847"},{"taxonomy":"product_tag","embeddable":true,"href":"https:\/\/disijeans.com.co\/index.php?rest_route=%2Fwp%2Fv2%2Fproduct_tag&post=5847"}],"curies":[{"name":"wp","href":"https:\/\/api.w.org\/{rel}","templated":true}]}}