{"id":7044,"date":"2026-02-19T14:35:50","date_gmt":"2026-02-19T19:35:50","guid":{"rendered":"https:\/\/disijeans.com.co\/?post_type=product&#038;p=7044"},"modified":"2026-02-19T14:37:19","modified_gmt":"2026-02-19T19:37:19","slug":"jean-cargo-bota-recta","status":"publish","type":"product","link":"https:\/\/disijeans.com.co\/?product=jean-cargo-bota-recta","title":{"rendered":"JEAN CARGO BOTA RECTA"},"content":{"rendered":"<p>Jean cargo bota recta con elasticidad que se adapta a tu cuerpo y se mueve contigo. Dise\u00f1o funcional con 6 bolsillos pr\u00e1cticos y silueta favorecedora. Disponible en dos tonos vers\u00e1tiles para crear looks poderosos.<\/p>\n","protected":false},"excerpt":{"rendered":"<p>Nuestro jean cargo bota recta combina comodidad, estructura y actitud. Tela con stretch para m\u00e1ximo confort y 6 bolsillos funcionales que elevan el dise\u00f1o. Disponible en dos tonos esenciales que van con todo.<\/p>\n","protected":false},"featured_media":7059,"comment_status":"closed","ping_status":"closed","template":"","meta":[],"product_brand":[],"product_cat":[53,47,27,21],"product_tag":[],"class_list":{"0":"post-7044","1":"product","2":"type-product","3":"status-publish","4":"has-post-thumbnail","6":"product_cat-cargos","7":"product_cat-bota-recta","8":"product_cat-jeans-y-pantalones","9":"product_cat-mujer","11":"first","12":"instock","13":"shipping-taxable","14":"purchasable","15":"product-type-variable"},"_links":{"self":[{"href":"https:\/\/disijeans.com.co\/index.php?rest_route=\/wp\/v2\/product\/7044","targetHints":{"allow":["GET"]}}],"collection":[{"href":"https:\/\/disijeans.com.co\/index.php?rest_route=\/wp\/v2\/product"}],"about":[{"href":"https:\/\/disijeans.com.co\/index.php?rest_route=\/wp\/v2\/types\/product"}],"replies":[{"embeddable":true,"href":"https:\/\/disijeans.com.co\/index.php?rest_route=%2Fwp%2Fv2%2Fcomments&post=7044"}],"wp:featuredmedia":[{"embeddable":true,"href":"https:\/\/disijeans.com.co\/index.php?rest_route=\/wp\/v2\/media\/7059"}],"wp:attachment":[{"href":"https:\/\/disijeans.com.co\/index.php?rest_route=%2Fwp%2Fv2%2Fmedia&parent=7044"}],"wp:term":[{"taxonomy":"product_brand","embeddable":true,"href":"https:\/\/disijeans.com.co\/index.php?rest_route=%2Fwp%2Fv2%2Fproduct_brand&post=7044"},{"taxonomy":"product_cat","embeddable":true,"href":"https:\/\/disijeans.com.co\/index.php?rest_route=%2Fwp%2Fv2%2Fproduct_cat&post=7044"},{"taxonomy":"product_tag","embeddable":true,"href":"https:\/\/disijeans.com.co\/index.php?rest_route=%2Fwp%2Fv2%2Fproduct_tag&post=7044"}],"curies":[{"name":"wp","href":"https:\/\/api.w.org\/{rel}","templated":true}]}}