{"id":7060,"date":"2026-02-19T14:49:32","date_gmt":"2026-02-19T19:49:32","guid":{"rendered":"https:\/\/disijeans.com.co\/?post_type=product&#038;p=7060"},"modified":"2026-02-19T15:07:37","modified_gmt":"2026-02-19T20:07:37","slug":"jean-baggy","status":"publish","type":"product","link":"https:\/\/disijeans.com.co\/?product=jean-baggy","title":{"rendered":"JEAN BAGGY"},"content":{"rendered":"<p>Jean Baggy con silueta amplia. Confeccionado en tela r\u00edgida, liviana y c\u00f3moda, con 5 bolsillos funcionales. Elige entre azul industrial o azul medio con destroyer y marca tu propio estilo.<\/p>\n","protected":false},"excerpt":{"rendered":"<p>Jean baggy en tela r\u00edgida y fresca que aporta estructura y estilo aut\u00e9ntico. Dise\u00f1o cl\u00e1sico de 5 bolsillos, disponible en azul industrial y azul medio con destroyer ideales para cualquier ocasi\u00f2n.<\/p>\n","protected":false},"featured_media":7074,"comment_status":"closed","ping_status":"closed","template":"","meta":[],"product_brand":[],"product_cat":[27,55,120,21,29],"product_tag":[],"class_list":{"0":"post-7060","1":"product","2":"type-product","3":"status-publish","4":"has-post-thumbnail","6":"product_cat-jeans-y-pantalones","7":"product_cat-baggy","8":"product_cat-baggy-jeans-y-pantalones","9":"product_cat-mujer","10":"product_cat-total-look-conjuntos-denim","12":"first","13":"instock","14":"shipping-taxable","15":"purchasable","16":"product-type-variable"},"_links":{"self":[{"href":"https:\/\/disijeans.com.co\/index.php?rest_route=\/wp\/v2\/product\/7060","targetHints":{"allow":["GET"]}}],"collection":[{"href":"https:\/\/disijeans.com.co\/index.php?rest_route=\/wp\/v2\/product"}],"about":[{"href":"https:\/\/disijeans.com.co\/index.php?rest_route=\/wp\/v2\/types\/product"}],"replies":[{"embeddable":true,"href":"https:\/\/disijeans.com.co\/index.php?rest_route=%2Fwp%2Fv2%2Fcomments&post=7060"}],"wp:featuredmedia":[{"embeddable":true,"href":"https:\/\/disijeans.com.co\/index.php?rest_route=\/wp\/v2\/media\/7074"}],"wp:attachment":[{"href":"https:\/\/disijeans.com.co\/index.php?rest_route=%2Fwp%2Fv2%2Fmedia&parent=7060"}],"wp:term":[{"taxonomy":"product_brand","embeddable":true,"href":"https:\/\/disijeans.com.co\/index.php?rest_route=%2Fwp%2Fv2%2Fproduct_brand&post=7060"},{"taxonomy":"product_cat","embeddable":true,"href":"https:\/\/disijeans.com.co\/index.php?rest_route=%2Fwp%2Fv2%2Fproduct_cat&post=7060"},{"taxonomy":"product_tag","embeddable":true,"href":"https:\/\/disijeans.com.co\/index.php?rest_route=%2Fwp%2Fv2%2Fproduct_tag&post=7060"}],"curies":[{"name":"wp","href":"https:\/\/api.w.org\/{rel}","templated":true}]}}