{"id":7143,"date":"2026-02-19T16:55:39","date_gmt":"2026-02-19T21:55:39","guid":{"rendered":"https:\/\/disijeans.com.co\/?post_type=product&#038;p=7143"},"modified":"2026-02-19T16:55:39","modified_gmt":"2026-02-19T21:55:39","slug":"jean-bota-recta-2","status":"publish","type":"product","link":"https:\/\/disijeans.com.co\/?product=jean-bota-recta-2","title":{"rendered":"Jean Bota Recta"},"content":{"rendered":"<p>Jean bota recta en tela con elasticidad que se ajusta c\u00f3modamente al cuerpo y resalta la silueta. Horma impecable, 5 bolsillos funcionales y detalle de pedrer\u00eda de alta calidad en la bota, resistente y duradera. Un b\u00e1sico con un toque brillante.<\/p>\n","protected":false},"excerpt":{"rendered":"<p>Jean bota recta con fit favorecedor y stretch que brinda comodidad todo el d\u00eda. Dise\u00f1o cl\u00e1sico de 5 bolsillos y pedrer\u00eda premium en la bota que no se cae ni se desti\u00f1e. Elegante, vers\u00e1til y con personalidad.<\/p>\n","protected":false},"featured_media":7117,"comment_status":"closed","ping_status":"closed","template":"","meta":[],"product_brand":[],"product_cat":[27,47,21,113],"product_tag":[],"class_list":{"0":"post-7143","1":"product","2":"type-product","3":"status-publish","4":"has-post-thumbnail","6":"product_cat-jeans-y-pantalones","7":"product_cat-bota-recta","8":"product_cat-mujer","9":"product_cat-pierna-ancha","11":"first","12":"instock","13":"shipping-taxable","14":"purchasable","15":"product-type-variable"},"_links":{"self":[{"href":"https:\/\/disijeans.com.co\/index.php?rest_route=\/wp\/v2\/product\/7143","targetHints":{"allow":["GET"]}}],"collection":[{"href":"https:\/\/disijeans.com.co\/index.php?rest_route=\/wp\/v2\/product"}],"about":[{"href":"https:\/\/disijeans.com.co\/index.php?rest_route=\/wp\/v2\/types\/product"}],"replies":[{"embeddable":true,"href":"https:\/\/disijeans.com.co\/index.php?rest_route=%2Fwp%2Fv2%2Fcomments&post=7143"}],"wp:featuredmedia":[{"embeddable":true,"href":"https:\/\/disijeans.com.co\/index.php?rest_route=\/wp\/v2\/media\/7117"}],"wp:attachment":[{"href":"https:\/\/disijeans.com.co\/index.php?rest_route=%2Fwp%2Fv2%2Fmedia&parent=7143"}],"wp:term":[{"taxonomy":"product_brand","embeddable":true,"href":"https:\/\/disijeans.com.co\/index.php?rest_route=%2Fwp%2Fv2%2Fproduct_brand&post=7143"},{"taxonomy":"product_cat","embeddable":true,"href":"https:\/\/disijeans.com.co\/index.php?rest_route=%2Fwp%2Fv2%2Fproduct_cat&post=7143"},{"taxonomy":"product_tag","embeddable":true,"href":"https:\/\/disijeans.com.co\/index.php?rest_route=%2Fwp%2Fv2%2Fproduct_tag&post=7143"}],"curies":[{"name":"wp","href":"https:\/\/api.w.org\/{rel}","templated":true}]}}