{"id":7149,"date":"2026-02-19T17:09:23","date_gmt":"2026-02-19T22:09:23","guid":{"rendered":"https:\/\/disijeans.com.co\/?post_type=product&#038;p=7149"},"modified":"2026-02-23T16:43:48","modified_gmt":"2026-02-23T21:43:48","slug":"jean-bota-recta-slouchy","status":"publish","type":"product","link":"https:\/\/disijeans.com.co\/?product=jean-bota-recta-slouchy","title":{"rendered":"Jean Bota Recta Slouchy"},"content":{"rendered":"<p>Jean bota recta slouchy en tela r\u00edgida que aporta estructura y estilo relajado. Tiro medio\/alto que estiliza la silueta y fit c\u00f3modo con car\u00e1cter. Disponible en azul medio y azul medio oscuro.<\/p>\n","protected":false},"excerpt":{"rendered":"<p>Jean slouchy de bota recta con dise\u00f1o aut\u00e9ntico. Confeccionado en tela r\u00edgida, tiro medio\/alto que favorece la figura y realza el look. Elige entre azul medio o azul medio oscuro para un estilo vers\u00e1til y moderno.<\/p>\n","protected":false},"featured_media":7104,"comment_status":"closed","ping_status":"closed","template":"","meta":[],"product_brand":[],"product_cat":[27,47,21],"product_tag":[],"class_list":{"0":"post-7149","1":"product","2":"type-product","3":"status-publish","4":"has-post-thumbnail","6":"product_cat-jeans-y-pantalones","7":"product_cat-bota-recta","8":"product_cat-mujer","10":"first","11":"instock","12":"shipping-taxable","13":"purchasable","14":"product-type-variable"},"_links":{"self":[{"href":"https:\/\/disijeans.com.co\/index.php?rest_route=\/wp\/v2\/product\/7149","targetHints":{"allow":["GET"]}}],"collection":[{"href":"https:\/\/disijeans.com.co\/index.php?rest_route=\/wp\/v2\/product"}],"about":[{"href":"https:\/\/disijeans.com.co\/index.php?rest_route=\/wp\/v2\/types\/product"}],"replies":[{"embeddable":true,"href":"https:\/\/disijeans.com.co\/index.php?rest_route=%2Fwp%2Fv2%2Fcomments&post=7149"}],"wp:featuredmedia":[{"embeddable":true,"href":"https:\/\/disijeans.com.co\/index.php?rest_route=\/wp\/v2\/media\/7104"}],"wp:attachment":[{"href":"https:\/\/disijeans.com.co\/index.php?rest_route=%2Fwp%2Fv2%2Fmedia&parent=7149"}],"wp:term":[{"taxonomy":"product_brand","embeddable":true,"href":"https:\/\/disijeans.com.co\/index.php?rest_route=%2Fwp%2Fv2%2Fproduct_brand&post=7149"},{"taxonomy":"product_cat","embeddable":true,"href":"https:\/\/disijeans.com.co\/index.php?rest_route=%2Fwp%2Fv2%2Fproduct_cat&post=7149"},{"taxonomy":"product_tag","embeddable":true,"href":"https:\/\/disijeans.com.co\/index.php?rest_route=%2Fwp%2Fv2%2Fproduct_tag&post=7149"}],"curies":[{"name":"wp","href":"https:\/\/api.w.org\/{rel}","templated":true}]}}