{"id":7174,"date":"2026-02-27T13:12:51","date_gmt":"2026-02-27T18:12:51","guid":{"rendered":"https:\/\/disijeans.com.co\/?post_type=product&#038;p=7174"},"modified":"2026-02-27T13:12:51","modified_gmt":"2026-02-27T18:12:51","slug":"jean-bota-recta-4","status":"publish","type":"product","link":"https:\/\/disijeans.com.co\/?product=jean-bota-recta-4","title":{"rendered":"Jean Bota Recta"},"content":{"rendered":"<p>Jean bota recta con elasticidad en azul oscuro, ajuste c\u00f3modo y silueta estilizada. Un b\u00e1sico vers\u00e1til que eleva cualquier look con estructura y confort.<\/p>\n","protected":false},"excerpt":{"rendered":"<p>Denim bota recta stretch en azul oscuro, dise\u00f1o cl\u00e1sico y horma favorecedora. Ideal para outfits casuales o m\u00e1s sofisticados.<\/p>\n","protected":false},"featured_media":7084,"comment_status":"closed","ping_status":"closed","template":"","meta":[],"product_brand":[],"product_cat":[27,47,21],"product_tag":[],"class_list":{"0":"post-7174","1":"product","2":"type-product","3":"status-publish","4":"has-post-thumbnail","6":"product_cat-jeans-y-pantalones","7":"product_cat-bota-recta","8":"product_cat-mujer","10":"first","11":"instock","12":"shipping-taxable","13":"purchasable","14":"product-type-variable"},"_links":{"self":[{"href":"https:\/\/disijeans.com.co\/index.php?rest_route=\/wp\/v2\/product\/7174","targetHints":{"allow":["GET"]}}],"collection":[{"href":"https:\/\/disijeans.com.co\/index.php?rest_route=\/wp\/v2\/product"}],"about":[{"href":"https:\/\/disijeans.com.co\/index.php?rest_route=\/wp\/v2\/types\/product"}],"replies":[{"embeddable":true,"href":"https:\/\/disijeans.com.co\/index.php?rest_route=%2Fwp%2Fv2%2Fcomments&post=7174"}],"wp:featuredmedia":[{"embeddable":true,"href":"https:\/\/disijeans.com.co\/index.php?rest_route=\/wp\/v2\/media\/7084"}],"wp:attachment":[{"href":"https:\/\/disijeans.com.co\/index.php?rest_route=%2Fwp%2Fv2%2Fmedia&parent=7174"}],"wp:term":[{"taxonomy":"product_brand","embeddable":true,"href":"https:\/\/disijeans.com.co\/index.php?rest_route=%2Fwp%2Fv2%2Fproduct_brand&post=7174"},{"taxonomy":"product_cat","embeddable":true,"href":"https:\/\/disijeans.com.co\/index.php?rest_route=%2Fwp%2Fv2%2Fproduct_cat&post=7174"},{"taxonomy":"product_tag","embeddable":true,"href":"https:\/\/disijeans.com.co\/index.php?rest_route=%2Fwp%2Fv2%2Fproduct_tag&post=7174"}],"curies":[{"name":"wp","href":"https:\/\/api.w.org\/{rel}","templated":true}]}}