{"id":7202,"date":"2026-02-27T15:35:58","date_gmt":"2026-02-27T20:35:58","guid":{"rendered":"https:\/\/disijeans.com.co\/?post_type=product&#038;p=7202"},"modified":"2026-02-27T15:38:37","modified_gmt":"2026-02-27T20:38:37","slug":"pantalon-bota-recta","status":"publish","type":"product","link":"https:\/\/disijeans.com.co\/?product=pantalon-bota-recta","title":{"rendered":"Pantalon Bota Recta"},"content":{"rendered":"<p>Jean bota recta en algod\u00f3n, fresco y c\u00f3modo. Tela que no da calor y no transparenta, ideal para looks limpios y sofisticados con total seguridad. Disponible en tono blanco y beige.<\/p>\n","protected":false},"excerpt":{"rendered":"<p>Denim bota recta en algod\u00f3n de excelente cobertura. No acalora y brinda ajuste c\u00f3modo con acabado elegante y vers\u00e1til. Disponible en tono blanco y beige.<\/p>\n","protected":false},"featured_media":7072,"comment_status":"closed","ping_status":"closed","template":"","meta":[],"product_brand":[],"product_cat":[47,27,21],"product_tag":[],"class_list":{"0":"post-7202","1":"product","2":"type-product","3":"status-publish","4":"has-post-thumbnail","6":"product_cat-bota-recta","7":"product_cat-jeans-y-pantalones","8":"product_cat-mujer","10":"first","11":"instock","12":"shipping-taxable","13":"purchasable","14":"product-type-variable"},"_links":{"self":[{"href":"https:\/\/disijeans.com.co\/index.php?rest_route=\/wp\/v2\/product\/7202","targetHints":{"allow":["GET"]}}],"collection":[{"href":"https:\/\/disijeans.com.co\/index.php?rest_route=\/wp\/v2\/product"}],"about":[{"href":"https:\/\/disijeans.com.co\/index.php?rest_route=\/wp\/v2\/types\/product"}],"replies":[{"embeddable":true,"href":"https:\/\/disijeans.com.co\/index.php?rest_route=%2Fwp%2Fv2%2Fcomments&post=7202"}],"wp:featuredmedia":[{"embeddable":true,"href":"https:\/\/disijeans.com.co\/index.php?rest_route=\/wp\/v2\/media\/7072"}],"wp:attachment":[{"href":"https:\/\/disijeans.com.co\/index.php?rest_route=%2Fwp%2Fv2%2Fmedia&parent=7202"}],"wp:term":[{"taxonomy":"product_brand","embeddable":true,"href":"https:\/\/disijeans.com.co\/index.php?rest_route=%2Fwp%2Fv2%2Fproduct_brand&post=7202"},{"taxonomy":"product_cat","embeddable":true,"href":"https:\/\/disijeans.com.co\/index.php?rest_route=%2Fwp%2Fv2%2Fproduct_cat&post=7202"},{"taxonomy":"product_tag","embeddable":true,"href":"https:\/\/disijeans.com.co\/index.php?rest_route=%2Fwp%2Fv2%2Fproduct_tag&post=7202"}],"curies":[{"name":"wp","href":"https:\/\/api.w.org\/{rel}","templated":true}]}}