{"id":7220,"date":"2026-02-27T15:52:34","date_gmt":"2026-02-27T20:52:34","guid":{"rendered":"https:\/\/disijeans.com.co\/?post_type=product&#038;p=7220"},"modified":"2026-02-27T15:56:47","modified_gmt":"2026-02-27T20:56:47","slug":"jean-mom-fit-3","status":"publish","type":"product","link":"https:\/\/disijeans.com.co\/?product=jean-mom-fit-3","title":{"rendered":"Jean Mom Fit"},"content":{"rendered":"<p>Jean mom fit azul con destroyer y pedrer\u00eda resistente que no se cae ni se desti\u00f1e. Silueta relajada con actitud, perfecta para un look moderno y con car\u00e1cter.<\/p>\n","protected":false},"excerpt":{"rendered":"<p>Jean mom fit azul con detalles destroyer y pedrer\u00eda de alta durabilidad. Brillo sutil y acabado aut\u00e9ntico que elevan el outfit sin perder estilo urbano.<\/p>\n","protected":false},"featured_media":7112,"comment_status":"closed","ping_status":"closed","template":"","meta":[],"product_brand":[],"product_cat":[27,80,21],"product_tag":[],"class_list":{"0":"post-7220","1":"product","2":"type-product","3":"status-publish","4":"has-post-thumbnail","6":"product_cat-jeans-y-pantalones","7":"product_cat-mom-fit","8":"product_cat-mujer","10":"first","11":"instock","12":"shipping-taxable","13":"purchasable","14":"product-type-variable"},"_links":{"self":[{"href":"https:\/\/disijeans.com.co\/index.php?rest_route=\/wp\/v2\/product\/7220","targetHints":{"allow":["GET"]}}],"collection":[{"href":"https:\/\/disijeans.com.co\/index.php?rest_route=\/wp\/v2\/product"}],"about":[{"href":"https:\/\/disijeans.com.co\/index.php?rest_route=\/wp\/v2\/types\/product"}],"replies":[{"embeddable":true,"href":"https:\/\/disijeans.com.co\/index.php?rest_route=%2Fwp%2Fv2%2Fcomments&post=7220"}],"wp:featuredmedia":[{"embeddable":true,"href":"https:\/\/disijeans.com.co\/index.php?rest_route=\/wp\/v2\/media\/7112"}],"wp:attachment":[{"href":"https:\/\/disijeans.com.co\/index.php?rest_route=%2Fwp%2Fv2%2Fmedia&parent=7220"}],"wp:term":[{"taxonomy":"product_brand","embeddable":true,"href":"https:\/\/disijeans.com.co\/index.php?rest_route=%2Fwp%2Fv2%2Fproduct_brand&post=7220"},{"taxonomy":"product_cat","embeddable":true,"href":"https:\/\/disijeans.com.co\/index.php?rest_route=%2Fwp%2Fv2%2Fproduct_cat&post=7220"},{"taxonomy":"product_tag","embeddable":true,"href":"https:\/\/disijeans.com.co\/index.php?rest_route=%2Fwp%2Fv2%2Fproduct_tag&post=7220"}],"curies":[{"name":"wp","href":"https:\/\/api.w.org\/{rel}","templated":true}]}}